{"id":98,"date":"2023-08-29T22:58:40","date_gmt":"2023-08-29T20:58:40","guid":{"rendered":"https:\/\/taramboyle.fr\/?page_id=98"},"modified":"2023-08-31T16:03:57","modified_gmt":"2023-08-31T14:03:57","slug":"les-amants-inseparables-taram-boyle","status":"publish","type":"page","link":"https:\/\/taramboyle.fr\/index.php\/les-romans-de-taram-boyle\/les-amants-inseparables-taram-boyle\/","title":{"rendered":"Les Amants ins\u00e9parables \u2022 Taram Boyle"},"content":{"rendered":"\n<p>Les Amants Ins\u00e9parables \u2022 Taram Boyle<\/p>\n\n\n\n<p>En vacances en Italie avec sa femme, Thomas se sent frustr\u00e9 apr\u00e8s la perte de son meilleur ami. En d\u00e9couvrant sa belle famille, il rencontre Eliott, \u00e0 peine majeur, aussi charmant qu&rsquo;avenant. Une relation scandaleuse va na\u00eetre entre eux, dans la plus grande discr\u00e9tion. Mais le d\u00e9sir est un dictateur intransigeant qui ne supporte pas les secrets&#8230;<\/p>\n\n\n\n<p>Pour son neuvi\u00e8me roman, Taram Boyle utilise l&rsquo;univers familial comme d\u00e9cor, pour une romance o\u00f9 le d\u00e9sir est un ogre insatiable.<\/p>\n\n\n\n<p><strong>17 chapitres \u2022 56 302 mots \u2022 332 769 caract\u00e8res<\/strong><\/p>\n\n\n\n<figure class=\"wp-block-embed\"><div class=\"wp-block-embed__wrapper\">\nhttps:\/\/taramboyle.blogspot.com\/\n<\/div><\/figure>\n\n\n\n<p>D\u00e9tails sur le produit<\/p>\n\n\n\n<p>ASIN : B0BRLG9326<\/p>\n\n\n\n<p>Langue : Fran\u00e7ais<\/p>\n\n\n\n<p>Taille du fichier : 419 KB<\/p>\n\n\n\n<p>Nombre de pages de l&rsquo;\u00e9dition imprim\u00e9e : 223 pages<\/p>\n\n\n\n<p><strong>Les Amants Ins\u00e9parables<\/strong><\/p>\n\n\n\n<p><a href=\"https:\/\/www.amazon.fr\/dp\/B0BN1STK68\" target=\"_blank\" rel=\"noreferrer noopener\">Commander sur Amazon<\/a><\/p>\n\n\n\n<p><a href=\"https:\/\/www.kobo.com\/fr\/fr\/ebook\/les-amants-inseparables\" target=\"_blank\" rel=\"noreferrer noopener\">Commander sur kobo<\/a><\/p>\n\n\n\n<figure class=\"wp-block-image size-large\"><img loading=\"lazy\" decoding=\"async\" width=\"676\" height=\"1024\" src=\"https:\/\/taramboyle.fr\/wp-content\/uploads\/2023\/08\/FrILFHjXsAATji2-676x1024.jpeg\" alt=\"\" class=\"wp-image-51\" srcset=\"https:\/\/taramboyle.fr\/wp-content\/uploads\/2023\/08\/FrILFHjXsAATji2-676x1024.jpeg 676w, https:\/\/taramboyle.fr\/wp-content\/uploads\/2023\/08\/FrILFHjXsAATji2-600x909.jpeg 600w, https:\/\/taramboyle.fr\/wp-content\/uploads\/2023\/08\/FrILFHjXsAATji2-198x300.jpeg 198w, https:\/\/taramboyle.fr\/wp-content\/uploads\/2023\/08\/FrILFHjXsAATji2-768x1164.jpeg 768w, https:\/\/taramboyle.fr\/wp-content\/uploads\/2023\/08\/FrILFHjXsAATji2-1014x1536.jpeg 1014w, https:\/\/taramboyle.fr\/wp-content\/uploads\/2023\/08\/FrILFHjXsAATji2-1352x2048.jpeg 1352w, https:\/\/taramboyle.fr\/wp-content\/uploads\/2023\/08\/FrILFHjXsAATji2.jpeg 1452w\" sizes=\"auto, (max-width: 676px) 100vw, 676px\" \/><\/figure>\n\n\n\n<figure class=\"wp-block-embed\"><div class=\"wp-block-embed__wrapper\">\nhttps:\/\/amzn.eu\/d\/h8nTP9x\n<\/div><\/figure>\n\n\n\n<figure class=\"wp-block-embed\"><div class=\"wp-block-embed__wrapper\">\nhttps:\/\/www.kobo.com\/fr\/fr\/ebook\/les-amants-inseparables\n<\/div><\/figure>\n","protected":false},"excerpt":{"rendered":"<p>Les Amants Ins\u00e9parables \u2022 Taram Boyle En vacances en Italie avec sa femme, Thomas se sent frustr\u00e9 apr\u00e8s la perte de son meilleur ami. En d\u00e9couvrant sa belle famille, il rencontre Eliott, \u00e0 peine majeur, aussi charmant qu&rsquo;avenant. Une relation scandaleuse va na\u00eetre entre eux, dans la plus grande discr\u00e9tion. Mais le d\u00e9sir est un [&hellip;]<\/p>\n","protected":false},"author":1,"featured_media":25,"parent":431,"menu_order":0,"comment_status":"closed","ping_status":"closed","template":"","meta":{"footnotes":""},"class_list":["post-98","page","type-page","status-publish","has-post-thumbnail","hentry"],"_links":{"self":[{"href":"https:\/\/taramboyle.fr\/index.php\/wp-json\/wp\/v2\/pages\/98","targetHints":{"allow":["GET"]}}],"collection":[{"href":"https:\/\/taramboyle.fr\/index.php\/wp-json\/wp\/v2\/pages"}],"about":[{"href":"https:\/\/taramboyle.fr\/index.php\/wp-json\/wp\/v2\/types\/page"}],"author":[{"embeddable":true,"href":"https:\/\/taramboyle.fr\/index.php\/wp-json\/wp\/v2\/users\/1"}],"replies":[{"embeddable":true,"href":"https:\/\/taramboyle.fr\/index.php\/wp-json\/wp\/v2\/comments?post=98"}],"version-history":[{"count":3,"href":"https:\/\/taramboyle.fr\/index.php\/wp-json\/wp\/v2\/pages\/98\/revisions"}],"predecessor-version":[{"id":133,"href":"https:\/\/taramboyle.fr\/index.php\/wp-json\/wp\/v2\/pages\/98\/revisions\/133"}],"up":[{"embeddable":true,"href":"https:\/\/taramboyle.fr\/index.php\/wp-json\/wp\/v2\/pages\/431"}],"wp:featuredmedia":[{"embeddable":true,"href":"https:\/\/taramboyle.fr\/index.php\/wp-json\/wp\/v2\/media\/25"}],"wp:attachment":[{"href":"https:\/\/taramboyle.fr\/index.php\/wp-json\/wp\/v2\/media?parent=98"}],"curies":[{"name":"wp","href":"https:\/\/api.w.org\/{rel}","templated":true}]}}