{"id":94,"date":"2023-08-29T22:57:09","date_gmt":"2023-08-29T20:57:09","guid":{"rendered":"https:\/\/taramboyle.fr\/?page_id=94"},"modified":"2023-08-31T16:03:57","modified_gmt":"2023-08-31T14:03:57","slug":"lamour-supreme-taram-boyle","status":"publish","type":"page","link":"https:\/\/taramboyle.fr\/index.php\/les-romans-de-taram-boyle\/lamour-supreme-taram-boyle\/","title":{"rendered":"L&rsquo;Amour supr\u00eame \u2022 Taram Boyle"},"content":{"rendered":"\n<p><\/p>\n\n\n\n<p><strong>L&rsquo;Amour supr\u00eame \u2022 Taram Boyle<\/strong><\/p>\n\n\n\n<p>J\u00e9r\u00e9my est un charmant sportif de 19 ans, originaire d&rsquo;une cit\u00e9 d\u00e9favoris\u00e9e. Il rencontre accidentellement St\u00e9phane Davouret, un magnat de la mode arrogant et d\u00e9daigneux. Il lui propose une s\u00e9ance photos avec Malik, un sous-traitant dont il exploite secr\u00e8tement les talents artistiques. J\u00e9r\u00e9my et Malik s\u2019appr\u00e9cient mutuellement, mais leur complicit\u00e9 spontan\u00e9e d\u00e9pla\u00eet au puissant homme d&rsquo;affaires qui ne reculera devant rien pour les soumettre \u00e0 ses exigences.<\/p>\n\n\n\n<p> (264 697 caract\u00e8res 45 281 mots)<\/p>\n\n\n\n<p>D\u00e9tails sur le Livre<br>ASIN : B091KTJCKQ<br>Langue : Fran\u00e7ais<br>Taille du fichier : 3510 KB<br>Nombre de pages de l&rsquo;\u00e9dition imprim\u00e9e : 141 pages<\/p>\n\n\n\n<p><a href=\"https:\/\/www.amazon.fr\/dp\/B091F77X2B\" data-type=\"link\" data-id=\"https:\/\/www.amazon.fr\/dp\/B091F77X2B\" target=\"_blank\" rel=\"noreferrer noopener\">Commander sur Amazon<\/a><\/p>\n\n\n\n<p><a href=\"https:\/\/www.kobo.com\/fr\/fr\/ebook\/l-amour-supreme-1\" target=\"_blank\" rel=\"noreferrer noopener\">Commander sur Kobo<\/a><\/p>\n\n\n\n<figure class=\"wp-block-image size-full\"><img decoding=\"async\" src=\"https:\/\/taramboyle.fr\/wp-content\/uploads\/2023\/08\/210319_Couv_Avant_LAmour_Supreme_Taram_Boyle__1334cmx2032cmBD_.jpg\" alt=\"L'Amour supr\u00eame de Taram Boyle\" class=\"wp-image-11\"\/><\/figure>\n\n\n\n<figure class=\"wp-block-embed\"><div class=\"wp-block-embed__wrapper\">\nhttps:\/\/amzn.eu\/d\/4ImK5jf\n<\/div><\/figure>\n\n\n\n<figure class=\"wp-block-embed\"><div class=\"wp-block-embed__wrapper\">\nhttps:\/\/www.kobo.com\/fr\/fr\/ebook\/l-amour-supreme-1\n<\/div><\/figure>\n","protected":false},"excerpt":{"rendered":"<p>L&rsquo;Amour supr\u00eame \u2022 Taram Boyle J\u00e9r\u00e9my est un charmant sportif de 19 ans, originaire d&rsquo;une cit\u00e9 d\u00e9favoris\u00e9e. Il rencontre accidentellement St\u00e9phane Davouret, un magnat de la mode arrogant et d\u00e9daigneux. Il lui propose une s\u00e9ance photos avec Malik, un sous-traitant dont il exploite secr\u00e8tement les talents artistiques. J\u00e9r\u00e9my et Malik s\u2019appr\u00e9cient mutuellement, mais leur complicit\u00e9 [&hellip;]<\/p>\n","protected":false},"author":1,"featured_media":0,"parent":431,"menu_order":0,"comment_status":"closed","ping_status":"closed","template":"","meta":{"footnotes":""},"class_list":["post-94","page","type-page","status-publish","hentry"],"_links":{"self":[{"href":"https:\/\/taramboyle.fr\/index.php\/wp-json\/wp\/v2\/pages\/94","targetHints":{"allow":["GET"]}}],"collection":[{"href":"https:\/\/taramboyle.fr\/index.php\/wp-json\/wp\/v2\/pages"}],"about":[{"href":"https:\/\/taramboyle.fr\/index.php\/wp-json\/wp\/v2\/types\/page"}],"author":[{"embeddable":true,"href":"https:\/\/taramboyle.fr\/index.php\/wp-json\/wp\/v2\/users\/1"}],"replies":[{"embeddable":true,"href":"https:\/\/taramboyle.fr\/index.php\/wp-json\/wp\/v2\/comments?post=94"}],"version-history":[{"count":3,"href":"https:\/\/taramboyle.fr\/index.php\/wp-json\/wp\/v2\/pages\/94\/revisions"}],"predecessor-version":[{"id":122,"href":"https:\/\/taramboyle.fr\/index.php\/wp-json\/wp\/v2\/pages\/94\/revisions\/122"}],"up":[{"embeddable":true,"href":"https:\/\/taramboyle.fr\/index.php\/wp-json\/wp\/v2\/pages\/431"}],"wp:attachment":[{"href":"https:\/\/taramboyle.fr\/index.php\/wp-json\/wp\/v2\/media?parent=94"}],"curies":[{"name":"wp","href":"https:\/\/api.w.org\/{rel}","templated":true}]}}