{"id":92,"date":"2023-08-29T22:56:40","date_gmt":"2023-08-29T20:56:40","guid":{"rendered":"https:\/\/taramboyle.fr\/?page_id=92"},"modified":"2023-08-31T16:03:57","modified_gmt":"2023-08-31T14:03:57","slug":"un-amour-a-satisfaire-taram-boyle","status":"publish","type":"page","link":"https:\/\/taramboyle.fr\/index.php\/les-romans-de-taram-boyle\/un-amour-a-satisfaire-taram-boyle\/","title":{"rendered":"Un Amour \u00e0 satisfaire \u2022 Taram Boyle"},"content":{"rendered":"<p><strong>Un Amour \u00e0 satisfaire (\u00c9dition 2020) (Les Amours \u00e9rotiques \u2022 Tome 1)<\/strong><br \/>Un amour \u00e0 satisfaire Romain, \u00e9tudiant aux Beaux arts, n&rsquo;a jamais connu la moindre relation sexuelle. Timide, issu d&rsquo;une famille traditionnelle hostile aux gays, il n\u2019ose pas assumer ses d\u00e9sirs pour les hommes.Il rencontre Lo\u00efc, un trentenaire viril qui le fascine et lui donne envie de franchir le pas. Celui-ci a une sexualit\u00e9 \u00e9tablie et il va demander \u00e0 Romain de s\u2019adapter \u00e0 ses pratiques. L\u2019exercice est loin d\u2019\u00eatre facile&#8230;<br \/>\u201c<em>L&rsquo;\u00e9criture addictive de Taram Boyle permet de ne pas d\u00e9crocher la liseuse jusqu&rsquo;au bout. Pendant toute la lecture on est un peu en vacances avec ces beaux hommes qui ne demandent qu&rsquo;\u00e0 s&rsquo;aimer. Attention toutefois, il est aussi beaucoup question de sexe.<\/em>\u201d<br \/>\u201c <em>C&rsquo;est bien \u00e9crit, les sc\u00e8nes de sexe, parfois crues dans le vocabulaire, sont d\u00e9nu\u00e9es de \u201cVoil\u00e0 un livre bien sympathique ! Le jeune Romain, 21 ans, encore puceau, r\u00eave en secret du corps des gar\u00e7ons, et de rencontrer l&rsquo;amour. La vie exauce ses v\u0153ux en mettant sur son chemin un trentenaire s\u00e9duisant et sur de lui, Lo\u00efc. Qui va lui faire d\u00e9couvrir le trouble d\u00e9licieux du d\u00e9sir, le plaisir du sexe entre hommes, mais aussi les affres d&rsquo;un premier amour, avec ses doutes, ses moments de joie, ses peurs et ses disputes. C&rsquo;est bien \u00e9crit, les sc\u00e8nes de sexe sont d\u00e9nu\u00e9es de vulgarit\u00e9 et d&rsquo;une grande sensualit\u00e9. Et un vent de romantisme impr\u00e8gne le tout, rafraichissant et l\u00e9ger&#8230;<\/em>\u201d<\/p>\n<p><strong>Nouvelle \u00e9dition 2020 \u2014 Plus de texte pour plus de plaisir<br \/><\/strong>D\u00e9tails sur le Livre<br \/>ASIN : B08L6QT438<br \/>Langue : Fran\u00e7ais<br \/>Taille du fichier : 1637 KB<br \/>Utilisation simultan\u00e9e de l&rsquo;appareil : Illimit\u00e9<br \/>Synth\u00e8se vocale : Activ\u00e9e<br \/>Lecteur d\u2019\u00e9cran : Pris en charge<br \/>Confort de lecture : Activ\u00e9<br \/>Word Wise : Non activ\u00e9<br \/>Pense-b\u00eates : Sur Kindle Scribe<br \/>Nombre de pages de l&rsquo;\u00e9dition imprim\u00e9e : 112 pages<\/p>\n<p>Un Amour \u00e0 satisfaire (\u00c9dition 2020)<br \/><a href=\"https:\/\/amzn.eu\/d\/isihbqE\" target=\"_blank\" rel=\"noopener\">Commander sur Amazon<\/a><br \/><a href=\"https:\/\/www.kobo.com\/fr\/fr\/ebook\/un-amour-a-satisfaire-1\" target=\"_blank\" rel=\"noopener\">Commander sur Kobo<\/a><\/p>\n\n\n<figure class=\"wp-block-image size-large\"><img loading=\"lazy\" decoding=\"async\" width=\"743\" height=\"1024\" src=\"https:\/\/taramboyle.fr\/wp-content\/uploads\/2023\/08\/20201013_Taram_Boyle_Un_Amour_A_Satisfaire_A4-743x1024.jpg\" alt=\"Un Amour \u00e0 satisfaire de Taram Boyle\" class=\"wp-image-32\" srcset=\"https:\/\/taramboyle.fr\/wp-content\/uploads\/2023\/08\/20201013_Taram_Boyle_Un_Amour_A_Satisfaire_A4-743x1024.jpg 743w, https:\/\/taramboyle.fr\/wp-content\/uploads\/2023\/08\/20201013_Taram_Boyle_Un_Amour_A_Satisfaire_A4-scaled-600x827.jpg 600w, https:\/\/taramboyle.fr\/wp-content\/uploads\/2023\/08\/20201013_Taram_Boyle_Un_Amour_A_Satisfaire_A4-218x300.jpg 218w, https:\/\/taramboyle.fr\/wp-content\/uploads\/2023\/08\/20201013_Taram_Boyle_Un_Amour_A_Satisfaire_A4-768x1058.jpg 768w, https:\/\/taramboyle.fr\/wp-content\/uploads\/2023\/08\/20201013_Taram_Boyle_Un_Amour_A_Satisfaire_A4-1115x1536.jpg 1115w, https:\/\/taramboyle.fr\/wp-content\/uploads\/2023\/08\/20201013_Taram_Boyle_Un_Amour_A_Satisfaire_A4-1486x2048.jpg 1486w, https:\/\/taramboyle.fr\/wp-content\/uploads\/2023\/08\/20201013_Taram_Boyle_Un_Amour_A_Satisfaire_A4-scaled.jpg 1858w\" sizes=\"auto, (max-width: 743px) 100vw, 743px\" \/><\/figure>\n","protected":false},"excerpt":{"rendered":"<p>Un Amour \u00e0 satisfaire (\u00c9dition 2020) (Les Amours \u00e9rotiques \u2022 Tome 1)Un amour \u00e0 satisfaire Romain, \u00e9tudiant aux Beaux arts, n&rsquo;a jamais connu la moindre relation sexuelle. Timide, issu d&rsquo;une famille traditionnelle hostile aux gays, il n\u2019ose pas assumer ses d\u00e9sirs pour les hommes.Il rencontre Lo\u00efc, un trentenaire viril qui le fascine et lui donne [&hellip;]<\/p>\n","protected":false},"author":1,"featured_media":32,"parent":431,"menu_order":0,"comment_status":"closed","ping_status":"closed","template":"","meta":{"footnotes":""},"class_list":["post-92","page","type-page","status-publish","has-post-thumbnail","hentry"],"_links":{"self":[{"href":"https:\/\/taramboyle.fr\/index.php\/wp-json\/wp\/v2\/pages\/92","targetHints":{"allow":["GET"]}}],"collection":[{"href":"https:\/\/taramboyle.fr\/index.php\/wp-json\/wp\/v2\/pages"}],"about":[{"href":"https:\/\/taramboyle.fr\/index.php\/wp-json\/wp\/v2\/types\/page"}],"author":[{"embeddable":true,"href":"https:\/\/taramboyle.fr\/index.php\/wp-json\/wp\/v2\/users\/1"}],"replies":[{"embeddable":true,"href":"https:\/\/taramboyle.fr\/index.php\/wp-json\/wp\/v2\/comments?post=92"}],"version-history":[{"count":4,"href":"https:\/\/taramboyle.fr\/index.php\/wp-json\/wp\/v2\/pages\/92\/revisions"}],"predecessor-version":[{"id":106,"href":"https:\/\/taramboyle.fr\/index.php\/wp-json\/wp\/v2\/pages\/92\/revisions\/106"}],"up":[{"embeddable":true,"href":"https:\/\/taramboyle.fr\/index.php\/wp-json\/wp\/v2\/pages\/431"}],"wp:featuredmedia":[{"embeddable":true,"href":"https:\/\/taramboyle.fr\/index.php\/wp-json\/wp\/v2\/media\/32"}],"wp:attachment":[{"href":"https:\/\/taramboyle.fr\/index.php\/wp-json\/wp\/v2\/media?parent=92"}],"curies":[{"name":"wp","href":"https:\/\/api.w.org\/{rel}","templated":true}]}}