{"id":87,"date":"2023-08-29T22:55:12","date_gmt":"2023-08-29T20:55:12","guid":{"rendered":"https:\/\/taramboyle.fr\/?page_id=87"},"modified":"2023-08-31T16:03:57","modified_gmt":"2023-08-31T14:03:57","slug":"au-risque-de-te-plaire-taram-boyle","status":"publish","type":"page","link":"https:\/\/taramboyle.fr\/index.php\/les-romans-de-taram-boyle\/au-risque-de-te-plaire-taram-boyle\/","title":{"rendered":"Au Risque de te plaire \u2022 Taram Boyle"},"content":{"rendered":"\n<p><strong>Au Risque de te plaire (Nouvelle version 2020)<\/strong><\/p>\n\n\n\n<p>Martin passe ses vacances dans le sud de la France quand il rencontre Arnaud, un jeune blond tr\u00e8s s\u00e9duisant. Celui-ci se retrouve \u00e0 la rue apr\u00e8s une violente rupture avec son amant. Martin l\u2019h\u00e9berge \u00e0 son h\u00f4tel et r\u00e9alise que ce gar\u00e7on est tout ce qu\u2019il a toujours esp\u00e9r\u00e9. Mais Arnaud cache un secret familial qui pourrait bien d\u00e9truire cet amour si jeune et pourtant d\u00e9j\u00e0 si puissant.<\/p>\n\n\n\n<p><strong><em>\u00c9dition int\u00e9grale, plus de texte pour encore plus de plaisir.<\/em><\/strong><\/p>\n\n\n\n<p>D\u00e9tails sur le produit<\/p>\n\n\n\n<p>ASIN : B08L6R6BBJ<\/p>\n\n\n\n<p>Langue : Fran\u00e7ais<\/p>\n\n\n\n<p>Taille du fichier : 1496 KB<\/p>\n\n\n\n<p>Synth\u00e8se vocale : Activ\u00e9e<\/p>\n\n\n\n<p>Lecteur d\u2019\u00e9cran : Pris en charge<\/p>\n\n\n\n<p>Confort de lecture : Activ\u00e9<\/p>\n\n\n\n<p>Word Wise : Non activ\u00e9<\/p>\n\n\n\n<p>Pense-b\u00eates : Sur Kindle Scribe<\/p>\n\n\n\n<p>Nombre de pages de l&rsquo;\u00e9dition imprim\u00e9e : 163 pages<\/p>\n\n\n\n<p>Au Risque de te plaire (\u00c9dition 2020)<\/p>\n\n\n\n<p><a href=\"https:\/\/amzn.eu\/d\/gS2VA6a\" target=\"_blank\" rel=\"noreferrer noopener\">Commander sur Amazon<\/a><\/p>\n\n\n\n<p><a href=\"https:\/\/www.kobo.com\/fr\/fr\/ebook\/au-risque-de-te-plaire-1\" target=\"_blank\" rel=\"noreferrer noopener\">Commander sur Kobo<\/a><\/p>\n\n\n\n<figure class=\"wp-block-image size-large\"><img loading=\"lazy\" decoding=\"async\" width=\"743\" height=\"1024\" src=\"https:\/\/taramboyle.fr\/wp-content\/uploads\/2023\/08\/20201013_Taram_Boyle_Au_Risque_De_Te_Plaire_A4-743x1024.jpg\" alt=\"Au Risque de te plaire, de Taram Boyle\" class=\"wp-image-29\" srcset=\"https:\/\/taramboyle.fr\/wp-content\/uploads\/2023\/08\/20201013_Taram_Boyle_Au_Risque_De_Te_Plaire_A4-743x1024.jpg 743w, https:\/\/taramboyle.fr\/wp-content\/uploads\/2023\/08\/20201013_Taram_Boyle_Au_Risque_De_Te_Plaire_A4-scaled-600x827.jpg 600w, https:\/\/taramboyle.fr\/wp-content\/uploads\/2023\/08\/20201013_Taram_Boyle_Au_Risque_De_Te_Plaire_A4-218x300.jpg 218w, https:\/\/taramboyle.fr\/wp-content\/uploads\/2023\/08\/20201013_Taram_Boyle_Au_Risque_De_Te_Plaire_A4-768x1058.jpg 768w, https:\/\/taramboyle.fr\/wp-content\/uploads\/2023\/08\/20201013_Taram_Boyle_Au_Risque_De_Te_Plaire_A4-1115x1536.jpg 1115w, https:\/\/taramboyle.fr\/wp-content\/uploads\/2023\/08\/20201013_Taram_Boyle_Au_Risque_De_Te_Plaire_A4-1486x2048.jpg 1486w, https:\/\/taramboyle.fr\/wp-content\/uploads\/2023\/08\/20201013_Taram_Boyle_Au_Risque_De_Te_Plaire_A4-scaled.jpg 1858w\" sizes=\"auto, (max-width: 743px) 100vw, 743px\" \/><\/figure>\n","protected":false},"excerpt":{"rendered":"<p>Au Risque de te plaire (Nouvelle version 2020) Martin passe ses vacances dans le sud de la France quand il rencontre Arnaud, un jeune blond tr\u00e8s s\u00e9duisant. Celui-ci se retrouve \u00e0 la rue apr\u00e8s une violente rupture avec son amant. Martin l\u2019h\u00e9berge \u00e0 son h\u00f4tel et r\u00e9alise que ce gar\u00e7on est tout ce qu\u2019il a [&hellip;]<\/p>\n","protected":false},"author":1,"featured_media":29,"parent":431,"menu_order":0,"comment_status":"closed","ping_status":"closed","template":"","meta":{"footnotes":""},"class_list":["post-87","page","type-page","status-publish","has-post-thumbnail","hentry"],"_links":{"self":[{"href":"https:\/\/taramboyle.fr\/index.php\/wp-json\/wp\/v2\/pages\/87","targetHints":{"allow":["GET"]}}],"collection":[{"href":"https:\/\/taramboyle.fr\/index.php\/wp-json\/wp\/v2\/pages"}],"about":[{"href":"https:\/\/taramboyle.fr\/index.php\/wp-json\/wp\/v2\/types\/page"}],"author":[{"embeddable":true,"href":"https:\/\/taramboyle.fr\/index.php\/wp-json\/wp\/v2\/users\/1"}],"replies":[{"embeddable":true,"href":"https:\/\/taramboyle.fr\/index.php\/wp-json\/wp\/v2\/comments?post=87"}],"version-history":[{"count":2,"href":"https:\/\/taramboyle.fr\/index.php\/wp-json\/wp\/v2\/pages\/87\/revisions"}],"predecessor-version":[{"id":108,"href":"https:\/\/taramboyle.fr\/index.php\/wp-json\/wp\/v2\/pages\/87\/revisions\/108"}],"up":[{"embeddable":true,"href":"https:\/\/taramboyle.fr\/index.php\/wp-json\/wp\/v2\/pages\/431"}],"wp:featuredmedia":[{"embeddable":true,"href":"https:\/\/taramboyle.fr\/index.php\/wp-json\/wp\/v2\/media\/29"}],"wp:attachment":[{"href":"https:\/\/taramboyle.fr\/index.php\/wp-json\/wp\/v2\/media?parent=87"}],"curies":[{"name":"wp","href":"https:\/\/api.w.org\/{rel}","templated":true}]}}