{"id":85,"date":"2023-08-29T22:54:24","date_gmt":"2023-08-29T20:54:24","guid":{"rendered":"https:\/\/taramboyle.fr\/?page_id=85"},"modified":"2023-08-31T16:03:57","modified_gmt":"2023-08-31T14:03:57","slug":"un-amour-de-soumis-taram-boyle","status":"publish","type":"page","link":"https:\/\/taramboyle.fr\/index.php\/les-romans-de-taram-boyle\/un-amour-de-soumis-taram-boyle\/","title":{"rendered":"Un Amour de soumis \u2022 Taram Boyle"},"content":{"rendered":"\n<p>Un Amour de soumis \u2022 Taram Boyle<\/p>\n\n\n\n<p>Alors que son mari part en \u00c9quateur plusieurs semaines, l&rsquo;app\u00e9tit sexuel de Julien est d\u00e9cupl\u00e9. Se retrouvant seul \u00e0 Fontainebleau, \u00e0 quelques jours d&rsquo;un confinement sanitaire national, il croise Jordan, un ex-amant insatiable qui lui promet de lui \u00eatre totalement soumis, aussi bien sexuellement que pour les t\u00e2ches de la vie quotidienne. Julien est s\u00e9duit et les deux jeunes hommes partent pour la Villa des Chasseurs. Ils vont y r\u00e9aliser ensemble les fantasmes les plus extr\u00eames. Mais Jordan cache un insoup\u00e7onnable secret qui risque bien de les marquer \u00e0 jamais et de changer compl\u00e8tement la nature de leur relation sadomasochiste.<\/p>\n\n\n\n<p>D\u00e9tails sur le produit<\/p>\n\n\n\n<p>ASIN : B09HQVV9S8<\/p>\n\n\n\n<p>Langue : Fran\u00e7ais<\/p>\n\n\n\n<p>Taille du fichier : 1368 KB<\/p>\n\n\n\n<p>Nombre de pages de l&rsquo;\u00e9dition imprim\u00e9e : 201 pages<\/p>\n\n\n\n<p>Pagination &#8211; ISBN de l&rsquo;\u00e9dition imprim\u00e9e de r\u00e9f\u00e9rence : B09F1FWRTT<\/p>\n\n\n\n<p>Un Amour de soumis<\/p>\n\n\n\n<p><a href=\"https:\/\/www.amazon.fr\/dp\/B09F1FWRTT\" target=\"_blank\" rel=\"noreferrer noopener\">Commander sur Amazon<\/a><\/p>\n\n\n\n<p><a href=\"https:\/\/www.kobo.com\/fr\/fr\/ebook\/un-amour-de-soumis\" target=\"_blank\" rel=\"noreferrer noopener\">Commander sur kobo<\/a><\/p>\n\n\n\n<figure class=\"wp-block-image size-large\"><img loading=\"lazy\" decoding=\"async\" width=\"680\" height=\"1024\" src=\"https:\/\/taramboyle.fr\/wp-content\/uploads\/2023\/08\/Couverture_Un_Amour_de_Soumis_Taram_Boyle_HD-680x1024.jpg\" alt=\"Un Amour de soumis, de Taram Boyle\" class=\"wp-image-44\" srcset=\"https:\/\/taramboyle.fr\/wp-content\/uploads\/2023\/08\/Couverture_Un_Amour_de_Soumis_Taram_Boyle_HD-680x1024.jpg 680w, https:\/\/taramboyle.fr\/wp-content\/uploads\/2023\/08\/Couverture_Un_Amour_de_Soumis_Taram_Boyle_HD-scaled-600x904.jpg 600w, https:\/\/taramboyle.fr\/wp-content\/uploads\/2023\/08\/Couverture_Un_Amour_de_Soumis_Taram_Boyle_HD-199x300.jpg 199w, https:\/\/taramboyle.fr\/wp-content\/uploads\/2023\/08\/Couverture_Un_Amour_de_Soumis_Taram_Boyle_HD-768x1157.jpg 768w, https:\/\/taramboyle.fr\/wp-content\/uploads\/2023\/08\/Couverture_Un_Amour_de_Soumis_Taram_Boyle_HD-1020x1536.jpg 1020w, https:\/\/taramboyle.fr\/wp-content\/uploads\/2023\/08\/Couverture_Un_Amour_de_Soumis_Taram_Boyle_HD-1360x2048.jpg 1360w, https:\/\/taramboyle.fr\/wp-content\/uploads\/2023\/08\/Couverture_Un_Amour_de_Soumis_Taram_Boyle_HD-scaled.jpg 1700w\" sizes=\"auto, (max-width: 680px) 100vw, 680px\" \/><\/figure>\n\n\n\n<figure class=\"wp-block-embed\"><div class=\"wp-block-embed__wrapper\">\nhttps:\/\/amzn.eu\/d\/3UjMy3B\n<\/div><\/figure>\n\n\n\n<figure class=\"wp-block-embed\"><div class=\"wp-block-embed__wrapper\">\nhttps:\/\/www.kobo.com\/fr\/fr\/ebook\/un-amour-de-soumis\n<\/div><\/figure>\n","protected":false},"excerpt":{"rendered":"<p>Un Amour de soumis \u2022 Taram Boyle Alors que son mari part en \u00c9quateur plusieurs semaines, l&rsquo;app\u00e9tit sexuel de Julien est d\u00e9cupl\u00e9. Se retrouvant seul \u00e0 Fontainebleau, \u00e0 quelques jours d&rsquo;un confinement sanitaire national, il croise Jordan, un ex-amant insatiable qui lui promet de lui \u00eatre totalement soumis, aussi bien sexuellement que pour les t\u00e2ches [&hellip;]<\/p>\n","protected":false},"author":1,"featured_media":44,"parent":431,"menu_order":0,"comment_status":"closed","ping_status":"closed","template":"","meta":{"footnotes":""},"class_list":["post-85","page","type-page","status-publish","has-post-thumbnail","hentry"],"_links":{"self":[{"href":"https:\/\/taramboyle.fr\/index.php\/wp-json\/wp\/v2\/pages\/85","targetHints":{"allow":["GET"]}}],"collection":[{"href":"https:\/\/taramboyle.fr\/index.php\/wp-json\/wp\/v2\/pages"}],"about":[{"href":"https:\/\/taramboyle.fr\/index.php\/wp-json\/wp\/v2\/types\/page"}],"author":[{"embeddable":true,"href":"https:\/\/taramboyle.fr\/index.php\/wp-json\/wp\/v2\/users\/1"}],"replies":[{"embeddable":true,"href":"https:\/\/taramboyle.fr\/index.php\/wp-json\/wp\/v2\/comments?post=85"}],"version-history":[{"count":2,"href":"https:\/\/taramboyle.fr\/index.php\/wp-json\/wp\/v2\/pages\/85\/revisions"}],"predecessor-version":[{"id":124,"href":"https:\/\/taramboyle.fr\/index.php\/wp-json\/wp\/v2\/pages\/85\/revisions\/124"}],"up":[{"embeddable":true,"href":"https:\/\/taramboyle.fr\/index.php\/wp-json\/wp\/v2\/pages\/431"}],"wp:featuredmedia":[{"embeddable":true,"href":"https:\/\/taramboyle.fr\/index.php\/wp-json\/wp\/v2\/media\/44"}],"wp:attachment":[{"href":"https:\/\/taramboyle.fr\/index.php\/wp-json\/wp\/v2\/media?parent=85"}],"curies":[{"name":"wp","href":"https:\/\/api.w.org\/{rel}","templated":true}]}}