{"id":84,"date":"2023-08-30T21:22:39","date_gmt":"2023-08-30T19:22:39","guid":{"rendered":"https:\/\/taramboyle.fr\/?page_id=84"},"modified":"2023-08-31T16:03:57","modified_gmt":"2023-08-31T14:03:57","slug":"un-amant-en-or-taram-boyle","status":"publish","type":"page","link":"https:\/\/taramboyle.fr\/index.php\/les-romans-de-taram-boyle\/un-amant-en-or-taram-boyle\/","title":{"rendered":"Un Amant en Or \u2022 Taram Boyle"},"content":{"rendered":"\n<p><strong>Un Amant en Or \u2022 Taram Boyle<\/strong><\/p>\n\n\n\n<p><strong>\u00c9dition \u00ab GOLD \u00bb reli\u00e9e (couverture rigide) collector<\/strong><\/p>\n\n\n\n<p>La-Forge-sur-Mer conna\u00eet une s\u00e9rie d\u2019agressions homophobes aux abords de ses plages naturistes. \u00c0 deux pas de l\u00e0, Balthazar rencontre Cl\u00e9ment, un magnifique adolescent plac\u00e9 sous tutelle. Charm\u00e9 par sa maturit\u00e9 et sa beaut\u00e9, Balthazar tente de l\u2019aider et l\u2019initie \u00e0 un monde de sensualit\u00e9 qui le chamboule au plus profond de son \u00eatre. Le bonheur attire les jaloux et les deux amants sont victimes d\u2019un harceleur qui va scandaliser toute la ville en r\u00e9v\u00e9lant la nature de leur relation secr\u00e8te\u2026<\/p>\n\n\n\n<p><em>Le onzi\u00e8me roman de Taram Boyle, aborde l&rsquo;innocence et la d\u00e9couverte d&rsquo;une sexualit\u00e9 dense et riche, dans un cadre idyllique. On retrouve ici de nombreux personnages des anciens romans de l&rsquo;auteur sulfureux.<\/em><\/p>\n\n\n\n<p><strong>EDITION GOLD 30 pages de bonus !<\/strong><\/p>\n\n\n\n<p><strong>\u00ab JOUIR \u00bb , le vingti\u00e8me chapitre in\u00e9dit<\/strong><\/p>\n\n\n\n<p><strong>Souvenirs de La-Forge-sur-Mer, galerie de photos<\/strong><\/p>\n\n\n\n<p><strong>Interview de l&rsquo;auteur<\/strong><\/p>\n\n\n\n<p><strong>Des d\u00e9tails sur le Tome 12 !<\/strong><\/p>\n\n\n\n<p><strong>Un Amant en or \u2022 \u00c9dition Gold<\/strong><\/p>\n\n\n\n<p><strong>406 373 caract\u00e8res \u2022 69 193 mots \u2022 20 chapitres<\/strong><\/p>\n\n\n\n<p>Informations sur le livre<\/p>\n\n\n\n<p>ASIN \u200eB0C87KHSYK<\/p>\n\n\n\n<p>Reli\u00e9 \u200e304 pages<\/p>\n\n\n\n<p>ISBN-13 \u200e979-8398488760<\/p>\n\n\n\n<p>Poids de l&rsquo;article \u200e526 g<\/p>\n\n\n\n<p>Dimensions \u200e15.24 x 2.24 x 22.86 cm<\/p>\n\n\n\n<p><a href=\"https:\/\/www.amazon.fr\/gp\/aw\/d\/B0C87KHSYK\/ref=tmm_hrd_swatch_0?ie=UTF8&amp;qid=&amp;sr=\" target=\"_blank\" rel=\"noreferrer noopener\">Commander sur Amazon<\/a><\/p>\n\n\n\n<p><a href=\"https:\/\/www.kobo.com\/fr\/fr\/ebook\/un-amant-en-or-edition-platine\" target=\"_blank\" rel=\"noreferrer noopener\">Commander sur Kobo<\/a><\/p>\n\n\n\n<figure class=\"wp-block-gallery has-nested-images columns-default is-cropped wp-block-gallery-1 is-layout-flex wp-block-gallery-is-layout-flex\">\n<figure class=\"wp-block-image size-large\"><img loading=\"lazy\" decoding=\"async\" width=\"699\" height=\"1024\" data-id=\"43\" src=\"https:\/\/taramboyle.fr\/wp-content\/uploads\/2023\/08\/Couverture_Un_Amant_En_Or_EBOOK-Grande-699x1024.jpg\" alt=\"\" class=\"wp-image-43\" srcset=\"https:\/\/taramboyle.fr\/wp-content\/uploads\/2023\/08\/Couverture_Un_Amant_En_Or_EBOOK-Grande-699x1024.jpg 699w, https:\/\/taramboyle.fr\/wp-content\/uploads\/2023\/08\/Couverture_Un_Amant_En_Or_EBOOK-Grande-600x879.jpg 600w, https:\/\/taramboyle.fr\/wp-content\/uploads\/2023\/08\/Couverture_Un_Amant_En_Or_EBOOK-Grande-205x300.jpg 205w, https:\/\/taramboyle.fr\/wp-content\/uploads\/2023\/08\/Couverture_Un_Amant_En_Or_EBOOK-Grande-768x1126.jpg 768w, https:\/\/taramboyle.fr\/wp-content\/uploads\/2023\/08\/Couverture_Un_Amant_En_Or_EBOOK-Grande-1048x1536.jpg 1048w, https:\/\/taramboyle.fr\/wp-content\/uploads\/2023\/08\/Couverture_Un_Amant_En_Or_EBOOK-Grande.jpg 1080w\" sizes=\"auto, (max-width: 699px) 100vw, 699px\" \/><\/figure>\n\n\n\n<figure class=\"wp-block-image size-large\"><img loading=\"lazy\" decoding=\"async\" width=\"522\" height=\"806\" data-id=\"8\" src=\"https:\/\/taramboyle.fr\/wp-content\/uploads\/2023\/08\/2023-06-16_16-44.png\" alt=\"\" class=\"wp-image-8\" srcset=\"https:\/\/taramboyle.fr\/wp-content\/uploads\/2023\/08\/2023-06-16_16-44.png 522w, https:\/\/taramboyle.fr\/wp-content\/uploads\/2023\/08\/2023-06-16_16-44-194x300.png 194w\" sizes=\"auto, (max-width: 522px) 100vw, 522px\" \/><\/figure>\n\n\n\n<figure class=\"wp-block-image size-large\"><img loading=\"lazy\" decoding=\"async\" width=\"587\" height=\"796\" data-id=\"6\" src=\"https:\/\/taramboyle.fr\/wp-content\/uploads\/2023\/08\/2023-06-16_16-42.png\" alt=\"\" class=\"wp-image-6\" srcset=\"https:\/\/taramboyle.fr\/wp-content\/uploads\/2023\/08\/2023-06-16_16-42.png 587w, https:\/\/taramboyle.fr\/wp-content\/uploads\/2023\/08\/2023-06-16_16-42-221x300.png 221w\" sizes=\"auto, (max-width: 587px) 100vw, 587px\" \/><\/figure>\n<\/figure>\n\n\n\n<figure class=\"wp-block-embed is-type-rich is-provider-amazon wp-block-embed-amazon\"><div class=\"wp-block-embed__wrapper\">\n<iframe loading=\"lazy\" title=\"Un Amant en Or\" type=\"text\/html\" width=\"1170\" height=\"550\" frameborder=\"0\" allowfullscreen style=\"max-width:100%\" src=\"https:\/\/lire.amazon.fr\/kp\/card?preview=inline&#038;linkCode=kpd&#038;ref_=k4w_oembed_5W31GYaiJjbvEF&#038;asin=B0C87KHSYK&#038;tag=kpembed-20\"><\/iframe>\n<\/div><\/figure>\n\n\n\n<figure class=\"wp-block-embed\"><div class=\"wp-block-embed__wrapper\">\nhttps:\/\/www.kobo.com\/fr\/fr\/ebook\/un-amant-en-or-edition-platine\n<\/div><\/figure>\n","protected":false},"excerpt":{"rendered":"<p>Un Amant en Or \u2022 Taram Boyle \u00c9dition \u00ab GOLD \u00bb reli\u00e9e (couverture rigide) collector La-Forge-sur-Mer conna\u00eet une s\u00e9rie d\u2019agressions homophobes aux abords de ses plages naturistes. \u00c0 deux pas de l\u00e0, Balthazar rencontre Cl\u00e9ment, un magnifique adolescent plac\u00e9 sous tutelle. Charm\u00e9 par sa maturit\u00e9 et sa beaut\u00e9, Balthazar tente de l\u2019aider et l\u2019initie \u00e0 [&hellip;]<\/p>\n","protected":false},"author":1,"featured_media":8,"parent":431,"menu_order":0,"comment_status":"closed","ping_status":"closed","template":"","meta":{"footnotes":""},"class_list":["post-84","page","type-page","status-publish","has-post-thumbnail","hentry"],"_links":{"self":[{"href":"https:\/\/taramboyle.fr\/index.php\/wp-json\/wp\/v2\/pages\/84","targetHints":{"allow":["GET"]}}],"collection":[{"href":"https:\/\/taramboyle.fr\/index.php\/wp-json\/wp\/v2\/pages"}],"about":[{"href":"https:\/\/taramboyle.fr\/index.php\/wp-json\/wp\/v2\/types\/page"}],"author":[{"embeddable":true,"href":"https:\/\/taramboyle.fr\/index.php\/wp-json\/wp\/v2\/users\/1"}],"replies":[{"embeddable":true,"href":"https:\/\/taramboyle.fr\/index.php\/wp-json\/wp\/v2\/comments?post=84"}],"version-history":[{"count":1,"href":"https:\/\/taramboyle.fr\/index.php\/wp-json\/wp\/v2\/pages\/84\/revisions"}],"predecessor-version":[{"id":136,"href":"https:\/\/taramboyle.fr\/index.php\/wp-json\/wp\/v2\/pages\/84\/revisions\/136"}],"up":[{"embeddable":true,"href":"https:\/\/taramboyle.fr\/index.php\/wp-json\/wp\/v2\/pages\/431"}],"wp:featuredmedia":[{"embeddable":true,"href":"https:\/\/taramboyle.fr\/index.php\/wp-json\/wp\/v2\/media\/8"}],"wp:attachment":[{"href":"https:\/\/taramboyle.fr\/index.php\/wp-json\/wp\/v2\/media?parent=84"}],"curies":[{"name":"wp","href":"https:\/\/api.w.org\/{rel}","templated":true}]}}