{"id":79,"date":"2023-08-29T17:38:46","date_gmt":"2023-08-29T15:38:46","guid":{"rendered":"https:\/\/taramboyle.fr\/?page_id=79"},"modified":"2023-08-31T16:03:57","modified_gmt":"2023-08-31T14:03:57","slug":"lamour-dun-maitre-taram-boyle","status":"publish","type":"page","link":"https:\/\/taramboyle.fr\/index.php\/les-romans-de-taram-boyle\/lamour-dun-maitre-taram-boyle\/","title":{"rendered":"L&rsquo;Amour d&rsquo;un Ma\u00eetre \u2022 Taram Boyle"},"content":{"rendered":"\n<p><a href=\"https:\/\/www.amazon.fr\/LAmour-dun-ma%C3%AEtre-Masters-%C3%89dition\/dp\/B09WQ55XR9\">L&rsquo;Amour d&rsquo;un Ma\u00eetre<\/a> est un roman captivant qui plonge les lecteurs dans le monde de l&rsquo;amour et du BDSM et qui r\u00e9pond \u00e0 la question \u00ab Y-a-t-il de l&rsquo;amour entre un ma\u00eetre dominateur et son soumis ? \u00bb.<br>L&rsquo;originalit\u00e9 de ce roman en deux parties, r\u00e9side dans son angle intimiste. En nous faisant partager les d\u00e9tails de la sexualit\u00e9 des protagonistes, Taram Boyle nous rend t\u00e9moins et complices de ces plaisirs tabous.<br>Nous sommes tr\u00e8s loin des romances \u00e9dulcor\u00e9es telles que \u00ab 50 nuances de Grey \u00bb. Ici, les sentiments et.la sexualit\u00e9 sont plac\u00e9es sur le m\u00eame plan, sans hypocrisie ni complaisance. Le roman peut surprendre par son r\u00e9alisme qui est le r\u00e9sultat de l&rsquo;immense travail pr\u00e9paratoire effectu\u00e9 par le romancier avant de se lancer dans cette aventure. En effet, Taram Boyle a interview\u00e9 plusieurs dizaines d&rsquo;amateurs de BDSM pour ne pas livrer une vision caricaturale, complaisante, ou fantasm\u00e9e de ce monde si secret.<br>Afin de demeurer objectif, \u00ab <a href=\"https:\/\/www.amazon.fr\/LAmour-dun-ma%C3%AEtre-Masters-%C3%89dition\/dp\/B09WQ55XR9\">L&rsquo;Amour d&rsquo;un Ma\u00eetre<\/a> \u00bb propose deux tomes et deux aspects du BDSM. Dans le Tome 1, \u00ab Les D\u00e9sirs d&rsquo;un soumis \u00bb, l&rsquo;auteur a choisi l&rsquo;angle de l&rsquo;initiation, de la d\u00e9couverte, avec une approche sensuelle du sado-masochisme. Le second volume, \u00ab L&rsquo;Emprise d&rsquo;un dominateur \u00bb, est plus ax\u00e9 sur la domination vue par un ma\u00eetre brutal et intransigeant.<\/p>\n\n\n\n<figure class=\"wp-block-image size-large\"><img loading=\"lazy\" decoding=\"async\" width=\"714\" height=\"1024\" src=\"https:\/\/taramboyle.fr\/wp-content\/uploads\/2023\/08\/LAmour_dun_maitre_Taram_Boyle_15.24x22.86_COLLECTOR_FINAL1-714x1024.png\" alt=\"\" class=\"wp-image-69\" srcset=\"https:\/\/taramboyle.fr\/wp-content\/uploads\/2023\/08\/LAmour_dun_maitre_Taram_Boyle_15.24x22.86_COLLECTOR_FINAL1-714x1024.png 714w, https:\/\/taramboyle.fr\/wp-content\/uploads\/2023\/08\/LAmour_dun_maitre_Taram_Boyle_15.24x22.86_COLLECTOR_FINAL1-600x861.png 600w, https:\/\/taramboyle.fr\/wp-content\/uploads\/2023\/08\/LAmour_dun_maitre_Taram_Boyle_15.24x22.86_COLLECTOR_FINAL1-209x300.png 209w, https:\/\/taramboyle.fr\/wp-content\/uploads\/2023\/08\/LAmour_dun_maitre_Taram_Boyle_15.24x22.86_COLLECTOR_FINAL1-768x1102.png 768w, https:\/\/taramboyle.fr\/wp-content\/uploads\/2023\/08\/LAmour_dun_maitre_Taram_Boyle_15.24x22.86_COLLECTOR_FINAL1-1070x1536.png 1070w, https:\/\/taramboyle.fr\/wp-content\/uploads\/2023\/08\/LAmour_dun_maitre_Taram_Boyle_15.24x22.86_COLLECTOR_FINAL1-1427x2048.png 1427w, https:\/\/taramboyle.fr\/wp-content\/uploads\/2023\/08\/LAmour_dun_maitre_Taram_Boyle_15.24x22.86_COLLECTOR_FINAL1.png 1844w\" sizes=\"auto, (max-width: 714px) 100vw, 714px\" \/><\/figure>\n\n\n\n<figure class=\"wp-block-gallery has-nested-images columns-default is-cropped wp-block-gallery-1 is-layout-flex wp-block-gallery-is-layout-flex\">\n<figure class=\"wp-block-image size-large\"><a href=\"https:\/\/www.amazon.fr\/LAmour-dun-ma%C3%AEtre-Masters-%C3%89dition\/dp\/B09WQ55XR9\"><img loading=\"lazy\" decoding=\"async\" width=\"680\" height=\"1024\" data-id=\"39\" src=\"https:\/\/taramboyle.fr\/wp-content\/uploads\/2023\/08\/Couverture_LAmour_dun_Maitre_Taram_Boyle_HD-680x1024.jpg\" alt=\"\" class=\"wp-image-39\" srcset=\"https:\/\/taramboyle.fr\/wp-content\/uploads\/2023\/08\/Couverture_LAmour_dun_Maitre_Taram_Boyle_HD-680x1024.jpg 680w, https:\/\/taramboyle.fr\/wp-content\/uploads\/2023\/08\/Couverture_LAmour_dun_Maitre_Taram_Boyle_HD-scaled-600x904.jpg 600w, https:\/\/taramboyle.fr\/wp-content\/uploads\/2023\/08\/Couverture_LAmour_dun_Maitre_Taram_Boyle_HD-199x300.jpg 199w, https:\/\/taramboyle.fr\/wp-content\/uploads\/2023\/08\/Couverture_LAmour_dun_Maitre_Taram_Boyle_HD-768x1157.jpg 768w, https:\/\/taramboyle.fr\/wp-content\/uploads\/2023\/08\/Couverture_LAmour_dun_Maitre_Taram_Boyle_HD-1020x1536.jpg 1020w, https:\/\/taramboyle.fr\/wp-content\/uploads\/2023\/08\/Couverture_LAmour_dun_Maitre_Taram_Boyle_HD-1360x2048.jpg 1360w, https:\/\/taramboyle.fr\/wp-content\/uploads\/2023\/08\/Couverture_LAmour_dun_Maitre_Taram_Boyle_HD-scaled.jpg 1700w\" sizes=\"auto, (max-width: 680px) 100vw, 680px\" \/><\/a><\/figure>\n\n\n\n<figure class=\"wp-block-image size-large\"><img loading=\"lazy\" decoding=\"async\" width=\"683\" height=\"1024\" data-id=\"38\" src=\"https:\/\/taramboyle.fr\/wp-content\/uploads\/2023\/08\/Couv_T2_LAmour_dun_maitre_Taram_Boyle_15.24x22.86_FINAL-683x1024.png\" alt=\"\" class=\"wp-image-38\" srcset=\"https:\/\/taramboyle.fr\/wp-content\/uploads\/2023\/08\/Couv_T2_LAmour_dun_maitre_Taram_Boyle_15.24x22.86_FINAL-683x1024.png 683w, https:\/\/taramboyle.fr\/wp-content\/uploads\/2023\/08\/Couv_T2_LAmour_dun_maitre_Taram_Boyle_15.24x22.86_FINAL-600x900.png 600w, https:\/\/taramboyle.fr\/wp-content\/uploads\/2023\/08\/Couv_T2_LAmour_dun_maitre_Taram_Boyle_15.24x22.86_FINAL-200x300.png 200w, https:\/\/taramboyle.fr\/wp-content\/uploads\/2023\/08\/Couv_T2_LAmour_dun_maitre_Taram_Boyle_15.24x22.86_FINAL-768x1152.png 768w, https:\/\/taramboyle.fr\/wp-content\/uploads\/2023\/08\/Couv_T2_LAmour_dun_maitre_Taram_Boyle_15.24x22.86_FINAL-1024x1536.png 1024w, https:\/\/taramboyle.fr\/wp-content\/uploads\/2023\/08\/Couv_T2_LAmour_dun_maitre_Taram_Boyle_15.24x22.86_FINAL-1366x2048.png 1366w\" sizes=\"auto, (max-width: 683px) 100vw, 683px\" \/><\/figure>\n\n\n\n<figure class=\"wp-block-image size-large\"><img loading=\"lazy\" decoding=\"async\" width=\"739\" height=\"1024\" data-id=\"33\" src=\"https:\/\/taramboyle.fr\/wp-content\/uploads\/2023\/08\/20221018_LAmour_Dun_Maitre_Integrale-Taram-Boyle-Cover-2022-A4-739x1024.jpg\" alt=\"\" class=\"wp-image-33\" srcset=\"https:\/\/taramboyle.fr\/wp-content\/uploads\/2023\/08\/20221018_LAmour_Dun_Maitre_Integrale-Taram-Boyle-Cover-2022-A4-739x1024.jpg 739w, https:\/\/taramboyle.fr\/wp-content\/uploads\/2023\/08\/20221018_LAmour_Dun_Maitre_Integrale-Taram-Boyle-Cover-2022-A4-600x831.jpg 600w, https:\/\/taramboyle.fr\/wp-content\/uploads\/2023\/08\/20221018_LAmour_Dun_Maitre_Integrale-Taram-Boyle-Cover-2022-A4-216x300.jpg 216w, https:\/\/taramboyle.fr\/wp-content\/uploads\/2023\/08\/20221018_LAmour_Dun_Maitre_Integrale-Taram-Boyle-Cover-2022-A4-768x1064.jpg 768w, https:\/\/taramboyle.fr\/wp-content\/uploads\/2023\/08\/20221018_LAmour_Dun_Maitre_Integrale-Taram-Boyle-Cover-2022-A4-1108x1536.jpg 1108w, https:\/\/taramboyle.fr\/wp-content\/uploads\/2023\/08\/20221018_LAmour_Dun_Maitre_Integrale-Taram-Boyle-Cover-2022-A4-1478x2048.jpg 1478w, https:\/\/taramboyle.fr\/wp-content\/uploads\/2023\/08\/20221018_LAmour_Dun_Maitre_Integrale-Taram-Boyle-Cover-2022-A4.jpg 1812w\" sizes=\"auto, (max-width: 739px) 100vw, 739px\" \/><\/figure>\n\n\n\n<figure class=\"wp-block-image size-large\"><a href=\"https:\/\/www.amazon.fr\/LAmour-dun-ma%C3%AEtre-Masters-%C3%89dition\/dp\/B09WQ55XR9\"><img loading=\"lazy\" decoding=\"async\" width=\"747\" height=\"1024\" data-id=\"18\" src=\"https:\/\/taramboyle.fr\/wp-content\/uploads\/2023\/08\/220629_Couv_T1_LAmour_dun_maitre_Taram_Boyle_15.24x22.86_INTEGRAL_RELIE_COLLECTOR__1-747x1024.jpg\" alt=\"\" class=\"wp-image-18\" srcset=\"https:\/\/taramboyle.fr\/wp-content\/uploads\/2023\/08\/220629_Couv_T1_LAmour_dun_maitre_Taram_Boyle_15.24x22.86_INTEGRAL_RELIE_COLLECTOR__1-747x1024.jpg 747w, https:\/\/taramboyle.fr\/wp-content\/uploads\/2023\/08\/220629_Couv_T1_LAmour_dun_maitre_Taram_Boyle_15.24x22.86_INTEGRAL_RELIE_COLLECTOR__1-scaled-600x823.jpg 600w, https:\/\/taramboyle.fr\/wp-content\/uploads\/2023\/08\/220629_Couv_T1_LAmour_dun_maitre_Taram_Boyle_15.24x22.86_INTEGRAL_RELIE_COLLECTOR__1-219x300.jpg 219w, https:\/\/taramboyle.fr\/wp-content\/uploads\/2023\/08\/220629_Couv_T1_LAmour_dun_maitre_Taram_Boyle_15.24x22.86_INTEGRAL_RELIE_COLLECTOR__1-768x1053.jpg 768w, https:\/\/taramboyle.fr\/wp-content\/uploads\/2023\/08\/220629_Couv_T1_LAmour_dun_maitre_Taram_Boyle_15.24x22.86_INTEGRAL_RELIE_COLLECTOR__1-1120x1536.jpg 1120w, https:\/\/taramboyle.fr\/wp-content\/uploads\/2023\/08\/220629_Couv_T1_LAmour_dun_maitre_Taram_Boyle_15.24x22.86_INTEGRAL_RELIE_COLLECTOR__1-1493x2048.jpg 1493w, https:\/\/taramboyle.fr\/wp-content\/uploads\/2023\/08\/220629_Couv_T1_LAmour_dun_maitre_Taram_Boyle_15.24x22.86_INTEGRAL_RELIE_COLLECTOR__1-scaled.jpg 1867w\" sizes=\"auto, (max-width: 747px) 100vw, 747px\" \/><\/a><\/figure>\n<\/figure>\n\n\n\n<figure class=\"wp-block-image size-large\"><img loading=\"lazy\" decoding=\"async\" width=\"714\" height=\"1024\" src=\"https:\/\/taramboyle.fr\/wp-content\/uploads\/2023\/08\/LAmour_dun_maitre_Taram_Boyle_15.24x22.86_COLLECTOR_FINAL1-714x1024.png\" alt=\"\" class=\"wp-image-69\" srcset=\"https:\/\/taramboyle.fr\/wp-content\/uploads\/2023\/08\/LAmour_dun_maitre_Taram_Boyle_15.24x22.86_COLLECTOR_FINAL1-714x1024.png 714w, https:\/\/taramboyle.fr\/wp-content\/uploads\/2023\/08\/LAmour_dun_maitre_Taram_Boyle_15.24x22.86_COLLECTOR_FINAL1-600x861.png 600w, https:\/\/taramboyle.fr\/wp-content\/uploads\/2023\/08\/LAmour_dun_maitre_Taram_Boyle_15.24x22.86_COLLECTOR_FINAL1-209x300.png 209w, https:\/\/taramboyle.fr\/wp-content\/uploads\/2023\/08\/LAmour_dun_maitre_Taram_Boyle_15.24x22.86_COLLECTOR_FINAL1-768x1102.png 768w, https:\/\/taramboyle.fr\/wp-content\/uploads\/2023\/08\/LAmour_dun_maitre_Taram_Boyle_15.24x22.86_COLLECTOR_FINAL1-1070x1536.png 1070w, https:\/\/taramboyle.fr\/wp-content\/uploads\/2023\/08\/LAmour_dun_maitre_Taram_Boyle_15.24x22.86_COLLECTOR_FINAL1-1427x2048.png 1427w, https:\/\/taramboyle.fr\/wp-content\/uploads\/2023\/08\/LAmour_dun_maitre_Taram_Boyle_15.24x22.86_COLLECTOR_FINAL1.png 1844w\" sizes=\"auto, (max-width: 714px) 100vw, 714px\" \/><\/figure>\n\n\n\n<p><strong>R\u00e9sum\u00e9<\/strong><\/p>\n\n\n\n<p><strong>L&rsquo;Amour d&rsquo;un ma\u00eetre &#8211; Tome 1 : Les d\u00e9sirs d&rsquo;un soumis<\/strong><br><em>L\u00e9o, jeune gay vierge de 19 ans, d\u00e9sire appartenir totalement \u00e0 un homme. Il rencontre Hadrien, dominateur au corps sculptural, dont le visage balafr\u00e9 semble trahir le myst\u00e9rieux pass\u00e9 qu\u2019il veut cacher co\u00fbte que co\u00fbte. L\u00e9o va devoir percer ses myst\u00e8res, afin de lib\u00e9rer le c\u0153ur du beau ma\u00eetre. Leur passion va les conduire vers une relation bdsm passionnelle et singuli\u00e8re, car Hadrien a des exigences \u00e9rotiques extr\u00eames. L\u00e9o ignore que le fantasme a un prix et que perdre l&rsquo;innocence n&rsquo;est qu&rsquo;une \u00e9tape dans sa nouvelle vie de soumis.<\/em><\/p>\n\n\n\n<p><strong>\u00c9dition illustr\u00e9e et augment\u00e9e de t\u00e9moignages intimes d&rsquo;amateurs de BDSM Gay<\/strong><br><strong>Ma Vie de puppy<br>La Naissance d&rsquo;un ma\u00eetre<br>Soumis en Australie<\/strong><\/p>\n\n\n\n<p>L&rsquo;Amour d&rsquo;un ma\u00eetre : 367.000 caract\u00e8res 62.800 mots 20 chapitres<\/p>\n\n\n\n<p><a href=\"https:\/\/www.amazon.fr\/gp\/product\/B0B5KQ44QY\" target=\"_blank\" rel=\"noreferrer noopener\">Commander sur Amazon<\/a><\/p>\n\n\n\n<p><a href=\"https:\/\/www.kobo.com\/fr\/fr\/ebook\/l-amour-d-un-maitre\" target=\"_blank\" rel=\"noreferrer noopener\">Commander sur Kobo<\/a><\/p>\n\n\n\n<h2 class=\"wp-block-heading\">L&rsquo;Amour d&rsquo;un Ma\u00eetre II \u2022 Taram Boyle<\/h2>\n\n\n\n<figure class=\"wp-block-image size-large\"><img loading=\"lazy\" decoding=\"async\" width=\"683\" height=\"1024\" src=\"https:\/\/taramboyle.fr\/wp-content\/uploads\/2023\/08\/Couv_T2_LAmour_dun_maitre_Taram_Boyle_15.24x22.86_FINAL-683x1024.png\" alt=\"\" class=\"wp-image-38\" srcset=\"https:\/\/taramboyle.fr\/wp-content\/uploads\/2023\/08\/Couv_T2_LAmour_dun_maitre_Taram_Boyle_15.24x22.86_FINAL-683x1024.png 683w, https:\/\/taramboyle.fr\/wp-content\/uploads\/2023\/08\/Couv_T2_LAmour_dun_maitre_Taram_Boyle_15.24x22.86_FINAL-600x900.png 600w, https:\/\/taramboyle.fr\/wp-content\/uploads\/2023\/08\/Couv_T2_LAmour_dun_maitre_Taram_Boyle_15.24x22.86_FINAL-200x300.png 200w, https:\/\/taramboyle.fr\/wp-content\/uploads\/2023\/08\/Couv_T2_LAmour_dun_maitre_Taram_Boyle_15.24x22.86_FINAL-768x1152.png 768w, https:\/\/taramboyle.fr\/wp-content\/uploads\/2023\/08\/Couv_T2_LAmour_dun_maitre_Taram_Boyle_15.24x22.86_FINAL-1024x1536.png 1024w, https:\/\/taramboyle.fr\/wp-content\/uploads\/2023\/08\/Couv_T2_LAmour_dun_maitre_Taram_Boyle_15.24x22.86_FINAL-1366x2048.png 1366w\" sizes=\"auto, (max-width: 683px) 100vw, 683px\" \/><\/figure>\n\n\n\n<p><strong>R\u00e9sum\u00e9<\/strong> :<\/p>\n\n\n\n<p><strong>L&rsquo;Amour d&rsquo;un ma\u00eetre &#8211; Tome 2 : L&rsquo;Emprise d&rsquo;un dominateur<\/strong><br><em>\u00c0 Montr\u00e9al, L\u00e9o apprend qu\u2019une sextape le montrant avec Hadrien a \u00e9t\u00e9 partag\u00e9e sur les r\u00e9seaux sociaux en identifiant l\u2019entreprise de son p\u00e8re. Ce dernier le jette \u00e0 la rue. Il va \u00eatre recueilli par un ami d\u2019une grande g\u00e9n\u00e9rosit\u00e9. Mais \u00e0 quel prix!<\/em><\/p>\n\n\n\n<p><strong>\u00c9dition collector augment\u00e9e de t\u00e9moignages intimes exclusifs d&rsquo;acteurs du BDSM Gay<br>Gorge profonde<br>Nature de dominateur<br>Perdu dans la soumission<br>Dominateur et soumis<br>L\u2019Amour du risque<\/strong><\/p>\n\n\n\n<p>L&rsquo;Amour d&rsquo;un ma\u00eetre : 417.000 caract\u00e8res 71.000 mots 22 chapitres<\/p>\n\n\n\n<p><a href=\"https:\/\/www.amazon.fr\/LAmour-dun-ma%C3%AEtre-LEmprise-dominateur\/dp\/B0B5KV4BKB\" target=\"_blank\" rel=\"noreferrer noopener\">Commander sur Amazon<\/a><\/p>\n\n\n\n<p><a href=\"https:\/\/www.kobo.com\/fr\/fr\/ebook\/l-amour-d-un-maitre-tome-ii\" target=\"_blank\" rel=\"noreferrer noopener\">Commander sur Kobo<\/a><\/p>\n","protected":false},"excerpt":{"rendered":"<p>L&rsquo;Amour d&rsquo;un Ma\u00eetre est un roman captivant qui plonge les lecteurs dans le monde de l&rsquo;amour et du BDSM et qui r\u00e9pond \u00e0 la question \u00ab Y-a-t-il de l&rsquo;amour entre un ma\u00eetre dominateur et son soumis ? \u00bb.L&rsquo;originalit\u00e9 de ce roman en deux parties, r\u00e9side dans son angle intimiste. En nous faisant partager les d\u00e9tails [&hellip;]<\/p>\n","protected":false},"author":1,"featured_media":69,"parent":431,"menu_order":0,"comment_status":"closed","ping_status":"closed","template":"","meta":{"footnotes":""},"class_list":["post-79","page","type-page","status-publish","has-post-thumbnail","hentry"],"_links":{"self":[{"href":"https:\/\/taramboyle.fr\/index.php\/wp-json\/wp\/v2\/pages\/79","targetHints":{"allow":["GET"]}}],"collection":[{"href":"https:\/\/taramboyle.fr\/index.php\/wp-json\/wp\/v2\/pages"}],"about":[{"href":"https:\/\/taramboyle.fr\/index.php\/wp-json\/wp\/v2\/types\/page"}],"author":[{"embeddable":true,"href":"https:\/\/taramboyle.fr\/index.php\/wp-json\/wp\/v2\/users\/1"}],"replies":[{"embeddable":true,"href":"https:\/\/taramboyle.fr\/index.php\/wp-json\/wp\/v2\/comments?post=79"}],"version-history":[{"count":4,"href":"https:\/\/taramboyle.fr\/index.php\/wp-json\/wp\/v2\/pages\/79\/revisions"}],"predecessor-version":[{"id":129,"href":"https:\/\/taramboyle.fr\/index.php\/wp-json\/wp\/v2\/pages\/79\/revisions\/129"}],"up":[{"embeddable":true,"href":"https:\/\/taramboyle.fr\/index.php\/wp-json\/wp\/v2\/pages\/431"}],"wp:featuredmedia":[{"embeddable":true,"href":"https:\/\/taramboyle.fr\/index.php\/wp-json\/wp\/v2\/media\/69"}],"wp:attachment":[{"href":"https:\/\/taramboyle.fr\/index.php\/wp-json\/wp\/v2\/media?parent=79"}],"curies":[{"name":"wp","href":"https:\/\/api.w.org\/{rel}","templated":true}]}}