{"id":100,"date":"2023-08-29T22:59:06","date_gmt":"2023-08-29T20:59:06","guid":{"rendered":"https:\/\/taramboyle.fr\/?page_id=100"},"modified":"2023-08-31T16:03:57","modified_gmt":"2023-08-31T14:03:57","slug":"les-amours-contre-nature-taram-boyle","status":"publish","type":"page","link":"https:\/\/taramboyle.fr\/index.php\/les-romans-de-taram-boyle\/les-amours-contre-nature-taram-boyle\/","title":{"rendered":"Les Amours contre nature \u2022 Taram Boyle"},"content":{"rendered":"\n<p><strong>Les Amours Contre Nature (Collector) \u2022 Taram Boyle<\/strong><\/p>\n\n\n\n<p><strong>\u00c9dition Collector avec couverture cartonn\u00e9e rigide, plus de 10 pages de bonus, dont \u00ab La Gen\u00e8se des amours contre nature \u00bb, une interview exclusive de Taram Boyle expliquant comment tout a commenc\u00e9<\/strong> !<\/p>\n\n\n\n<p>Passionn\u00e9 d&rsquo;\u00e9gyptologie, Abad paie ses \u00e9tudes gr\u00e2ce \u00e0 des rencontres tarif\u00e9es tr\u00e8s particuli\u00e8res. L&rsquo;arriv\u00e9e en France de son cousin Gibran va bouleverser son quotidien. Celui-ci a toujours \u00e9t\u00e9 son mod\u00e8le et son protecteur. Mais il va bient\u00f4t d\u00e9couvrir les activit\u00e9s secr\u00e8tes d&rsquo;Abad. Leur relation fraternelle va prendre une tournure scandaleuse au d\u00e9tour de confidences qui pourraient bien \u00e9branler toute la famille&#8230;<\/p>\n\n\n\n<p><em>Le dixi\u00e8me roman de Taram Boyle, d\u00e9licat et sensible, inspir\u00e9 de faits r\u00e9els, poursuit son exploration des fantasmes et des tabous masculins. Avec ce nouveau volume, l&rsquo;\u00e9crivain gay confirme son habilet\u00e9 \u00e0 raconter naturellement les situations les plus inattendues.<\/em><\/p>\n\n\n\n<p><strong>10 pages d&rsquo;interview \u2022 19 chapitres \u2022 65.519 mots \u2022 379.330 caract\u00e8res<\/strong><\/p>\n\n\n\n<figure class=\"wp-block-embed\"><div class=\"wp-block-embed__wrapper\">\nhttps:\/\/taramboyle.blogspot.com\/\n<\/div><\/figure>\n\n\n\n<p>Informations sur le produit<\/p>\n\n\n\n<p>ASIN \u200eB0BYLPS3XQ<\/p>\n\n\n\n<p>Reli\u00e9 \u200e280 pages<\/p>\n\n\n\n<p>ISBN-13 \u200e979-8386807825<\/p>\n\n\n\n<p>Poids de l&rsquo;article \u200e490 g<\/p>\n\n\n\n<p>Dimensions \u200e15.24 x 2.08 x 22.86 cm<\/p>\n\n\n\n<p><\/p>\n\n\n\n<p>Les Amours Contre Nature (Collector)<\/p>\n\n\n\n<p><a href=\"https:\/\/www.amazon.fr\/dp\/B0BYLPS3XQ\" target=\"_blank\" rel=\"noreferrer noopener\">Commander sur Amazon<\/a><\/p>\n\n\n\n<p><a href=\"https:\/\/www.kobo.com\/fr\/fr\/ebook\/les-amours-contre-nature\" data-type=\"link\" data-id=\"https:\/\/www.kobo.com\/fr\/fr\/ebook\/les-amours-contre-nature\" target=\"_blank\" rel=\"noreferrer noopener\">Commander sur Kobo<\/a><\/p>\n\n\n\n<figure class=\"wp-block-image size-large\"><img loading=\"lazy\" decoding=\"async\" width=\"679\" height=\"1024\" src=\"https:\/\/taramboyle.fr\/wp-content\/uploads\/2023\/08\/Les-Amours-contre-nature_Couverture_A_Plat_Collector-679x1024.png\" alt=\"\" class=\"wp-image-72\" srcset=\"https:\/\/taramboyle.fr\/wp-content\/uploads\/2023\/08\/Les-Amours-contre-nature_Couverture_A_Plat_Collector-679x1024.png 679w, https:\/\/taramboyle.fr\/wp-content\/uploads\/2023\/08\/Les-Amours-contre-nature_Couverture_A_Plat_Collector-600x904.png 600w, https:\/\/taramboyle.fr\/wp-content\/uploads\/2023\/08\/Les-Amours-contre-nature_Couverture_A_Plat_Collector-199x300.png 199w, https:\/\/taramboyle.fr\/wp-content\/uploads\/2023\/08\/Les-Amours-contre-nature_Couverture_A_Plat_Collector-768x1158.png 768w, https:\/\/taramboyle.fr\/wp-content\/uploads\/2023\/08\/Les-Amours-contre-nature_Couverture_A_Plat_Collector-1019x1536.png 1019w, https:\/\/taramboyle.fr\/wp-content\/uploads\/2023\/08\/Les-Amours-contre-nature_Couverture_A_Plat_Collector-1359x2048.png 1359w\" sizes=\"auto, (max-width: 679px) 100vw, 679px\" \/><\/figure>\n\n\n\n<figure class=\"wp-block-embed\"><div class=\"wp-block-embed__wrapper\">\nhttps:\/\/amzn.eu\/d\/af3CYqE\n<\/div><\/figure>\n\n\n\n<figure class=\"wp-block-embed\"><div class=\"wp-block-embed__wrapper\">\nhttps:\/\/www.kobo.com\/fr\/fr\/ebook\/les-amours-contre-nature\n<\/div><\/figure>\n","protected":false},"excerpt":{"rendered":"<p>Les Amours Contre Nature (Collector) \u2022 Taram Boyle \u00c9dition Collector avec couverture cartonn\u00e9e rigide, plus de 10 pages de bonus, dont \u00ab La Gen\u00e8se des amours contre nature \u00bb, une interview exclusive de Taram Boyle expliquant comment tout a commenc\u00e9 ! Passionn\u00e9 d&rsquo;\u00e9gyptologie, Abad paie ses \u00e9tudes gr\u00e2ce \u00e0 des rencontres tarif\u00e9es tr\u00e8s particuli\u00e8res. L&rsquo;arriv\u00e9e [&hellip;]<\/p>\n","protected":false},"author":1,"featured_media":27,"parent":431,"menu_order":0,"comment_status":"closed","ping_status":"closed","template":"","meta":{"footnotes":""},"class_list":["post-100","page","type-page","status-publish","has-post-thumbnail","hentry"],"_links":{"self":[{"href":"https:\/\/taramboyle.fr\/index.php\/wp-json\/wp\/v2\/pages\/100","targetHints":{"allow":["GET"]}}],"collection":[{"href":"https:\/\/taramboyle.fr\/index.php\/wp-json\/wp\/v2\/pages"}],"about":[{"href":"https:\/\/taramboyle.fr\/index.php\/wp-json\/wp\/v2\/types\/page"}],"author":[{"embeddable":true,"href":"https:\/\/taramboyle.fr\/index.php\/wp-json\/wp\/v2\/users\/1"}],"replies":[{"embeddable":true,"href":"https:\/\/taramboyle.fr\/index.php\/wp-json\/wp\/v2\/comments?post=100"}],"version-history":[{"count":3,"href":"https:\/\/taramboyle.fr\/index.php\/wp-json\/wp\/v2\/pages\/100\/revisions"}],"predecessor-version":[{"id":135,"href":"https:\/\/taramboyle.fr\/index.php\/wp-json\/wp\/v2\/pages\/100\/revisions\/135"}],"up":[{"embeddable":true,"href":"https:\/\/taramboyle.fr\/index.php\/wp-json\/wp\/v2\/pages\/431"}],"wp:featuredmedia":[{"embeddable":true,"href":"https:\/\/taramboyle.fr\/index.php\/wp-json\/wp\/v2\/media\/27"}],"wp:attachment":[{"href":"https:\/\/taramboyle.fr\/index.php\/wp-json\/wp\/v2\/media?parent=100"}],"curies":[{"name":"wp","href":"https:\/\/api.w.org\/{rel}","templated":true}]}}